{"id":12,"date":"2021-11-12T19:35:58","date_gmt":"2021-11-12T19:35:58","guid":{"rendered":"https:\/\/triep1.de\/?page_id=12"},"modified":"2026-01-09T18:31:39","modified_gmt":"2026-01-09T18:31:39","slug":"motorraeder","status":"publish","type":"page","link":"https:\/\/triep1.de\/?page_id=12","title":{"rendered":"Motorr\u00e4der"},"content":{"rendered":"\n<p>Direkt vor unserer Haust\u00fcr, die Bergstrecke von 1924: ca 31 km (Resultat damals: Caracciola vor Reinhold D\u00fcrkopp&#8230;) ; heute ist der erste Part meine Hausstrecke!!    (besser bis nach Oerlinghausen&#8230;)<\/p>\n\n\n\n<figure class=\"wp-block-image size-large\"><img loading=\"lazy\" decoding=\"async\" width=\"1024\" height=\"979\" src=\"https:\/\/triep1.de\/wp-content\/uploads\/2021\/11\/1924-Bergrennen-Bielefeld-1024x979.jpg\" alt=\"\" class=\"wp-image-303\" srcset=\"https:\/\/triep1.de\/wp-content\/uploads\/2021\/11\/1924-Bergrennen-Bielefeld-1024x979.jpg 1024w, https:\/\/triep1.de\/wp-content\/uploads\/2021\/11\/1924-Bergrennen-Bielefeld-300x287.jpg 300w, https:\/\/triep1.de\/wp-content\/uploads\/2021\/11\/1924-Bergrennen-Bielefeld-768x734.jpg 768w, https:\/\/triep1.de\/wp-content\/uploads\/2021\/11\/1924-Bergrennen-Bielefeld-508x486.jpg 508w, https:\/\/triep1.de\/wp-content\/uploads\/2021\/11\/1924-Bergrennen-Bielefeld.jpg 1230w\" sizes=\"auto, (max-width: 1024px) 100vw, 1024px\" \/><figcaption>(Karte von openmap ; somit ohne copyright)<\/figcaption><\/figure>\n\n\n\n<p>D\u00fcrkopp<\/p>\n\n\n\n<p><a href=\"https:\/\/triep1.de\/motorraeder\/duerkopp-md\">https:\/\/triep1.de\/motorraeder\/duerkopp-md<\/a><\/p>\n\n\n\n<p>Harley<\/p>\n\n\n\n<p><a href=\"https:\/\/triep1.de\/motorraeder\/harley-fxlr\">https:\/\/triep1.de\/motorraeder\/harley-fxlr<\/a><\/p>\n\n\n\n<p>Indian<\/p>\n\n\n\n<p><a href=\"https:\/\/triep1.de\/motorraeder\/indian\">https:\/\/triep1.de\/motorraeder\/indian<\/a><\/p>\n\n\n\n<p>Rabeneick<\/p>\n\n\n\n<p><a href=\"https:\/\/triep1.de\/rabeneick-f250-2\">https:\/\/triep1.de\/rabeneick-f250-2<\/a><\/p>\n\n\n\n<p>Yamaha<\/p>\n\n\n\n<p><a href=\"https:\/\/triep1.de\/motorraeder\/yamaha-xs-1100\">https:\/\/triep1.de\/motorraeder\/yamaha-xs-1100<\/a><\/p>\n\n\n\n<p>diverse Mopeds \/ Motorr\u00e4der<\/p>\n\n\n\n<p><a href=\"https:\/\/triep1.de\/motorraeder\/diverse-mopeds-motorraeder\">https:\/\/triep1.de\/motorraeder\/diverse-mopeds-motorraeder<\/a><\/p>\n\n\n\n<p>BMW F650 <\/p>\n\n\n\n<p> <a href=\"https:\/\/triep1.de\/motorraeder\/bmw-f650\" data-type=\"URL\" data-id=\"https:\/\/triep1.de\/motorraeder\/bmw-f650\">https:\/\/triep1.de\/motorraeder\/bmw-f650<\/a><\/p>\n\n\n\n<div class=\"wp-block-buttons is-layout-flex wp-block-buttons-is-layout-flex\"><\/div>\n","protected":false},"excerpt":{"rendered":"<p>Direkt vor unserer Haust\u00fcr, die Bergstrecke von 1924: ca 31 km (Resultat damals: Caracciola vor Reinhold D\u00fcrkopp&#8230;) ; heute ist der erste Part meine Hausstrecke!! (besser bis nach Oerlinghausen&#8230;) D\u00fcrkopp https:\/\/triep1.de\/motorraeder\/duerkopp-md Harley https:\/\/triep1.de\/motorraeder\/harley-fxlr Indian https:\/\/triep1.de\/motorraeder\/indian Rabeneick https:\/\/triep1.de\/rabeneick-f250-2 Yamaha https:\/\/triep1.de\/motorraeder\/yamaha-xs-1100 diverse Mopeds \/ Motorr\u00e4der https:\/\/triep1.de\/motorraeder\/diverse-mopeds-motorraeder BMW F650 https:\/\/triep1.de\/motorraeder\/bmw-f650<\/p>\n","protected":false},"author":1,"featured_media":0,"parent":0,"menu_order":0,"comment_status":"closed","ping_status":"closed","template":"","meta":{"footnotes":""},"class_list":["post-12","page","type-page","status-publish","hentry"],"_links":{"self":[{"href":"https:\/\/triep1.de\/index.php?rest_route=\/wp\/v2\/pages\/12","targetHints":{"allow":["GET"]}}],"collection":[{"href":"https:\/\/triep1.de\/index.php?rest_route=\/wp\/v2\/pages"}],"about":[{"href":"https:\/\/triep1.de\/index.php?rest_route=\/wp\/v2\/types\/page"}],"author":[{"embeddable":true,"href":"https:\/\/triep1.de\/index.php?rest_route=\/wp\/v2\/users\/1"}],"replies":[{"embeddable":true,"href":"https:\/\/triep1.de\/index.php?rest_route=%2Fwp%2Fv2%2Fcomments&post=12"}],"version-history":[{"count":14,"href":"https:\/\/triep1.de\/index.php?rest_route=\/wp\/v2\/pages\/12\/revisions"}],"predecessor-version":[{"id":585,"href":"https:\/\/triep1.de\/index.php?rest_route=\/wp\/v2\/pages\/12\/revisions\/585"}],"wp:attachment":[{"href":"https:\/\/triep1.de\/index.php?rest_route=%2Fwp%2Fv2%2Fmedia&parent=12"}],"curies":[{"name":"wp","href":"https:\/\/api.w.org\/{rel}","templated":true}]}}